{"id":1343,"date":"2021-11-13T13:12:00","date_gmt":"2021-11-13T12:12:00","guid":{"rendered":"https:\/\/csicsergo-vendeghaz.hu\/foglalas-megerositese\/a-foglalast-megerositettuk\/"},"modified":"2021-11-13T13:12:00","modified_gmt":"2021-11-13T12:12:00","slug":"a-foglalast-megerositettuk","status":"publish","type":"page","link":"https:\/\/csicsergo-vendeghaz.hu\/en\/foglalas-megerositese\/a-foglalast-megerositettuk\/","title":{"rendered":"A foglal\u00e1st meger\u0151s\u00edtett\u00fck"},"content":{"rendered":"<div class=\"mphb_sc_booking_confirmation\"><\/div>","protected":false},"excerpt":{"rendered":"","protected":false},"author":1,"featured_media":0,"parent":1342,"menu_order":0,"comment_status":"closed","ping_status":"closed","template":"","meta":{"footnotes":""},"class_list":["post-1343","page","type-page","status-publish","hentry"],"_links":{"self":[{"href":"https:\/\/csicsergo-vendeghaz.hu\/en\/wp-json\/wp\/v2\/pages\/1343","targetHints":{"allow":["GET"]}}],"collection":[{"href":"https:\/\/csicsergo-vendeghaz.hu\/en\/wp-json\/wp\/v2\/pages"}],"about":[{"href":"https:\/\/csicsergo-vendeghaz.hu\/en\/wp-json\/wp\/v2\/types\/page"}],"author":[{"embeddable":true,"href":"https:\/\/csicsergo-vendeghaz.hu\/en\/wp-json\/wp\/v2\/users\/1"}],"replies":[{"embeddable":true,"href":"https:\/\/csicsergo-vendeghaz.hu\/en\/wp-json\/wp\/v2\/comments?post=1343"}],"version-history":[{"count":0,"href":"https:\/\/csicsergo-vendeghaz.hu\/en\/wp-json\/wp\/v2\/pages\/1343\/revisions"}],"up":[{"embeddable":true,"href":"https:\/\/csicsergo-vendeghaz.hu\/en\/wp-json\/wp\/v2\/pages\/1342"}],"wp:attachment":[{"href":"https:\/\/csicsergo-vendeghaz.hu\/en\/wp-json\/wp\/v2\/media?parent=1343"}],"curies":[{"name":"wp","href":"https:\/\/api.w.org\/{rel}","templated":true}]}}